{"id":30822,"date":"2022-01-18T15:32:49","date_gmt":"2022-01-18T07:32:49","guid":{"rendered":"https:\/\/homeappliances.my\/onlineshop\/?post_type=product&#038;p=30822"},"modified":"2024-05-10T10:47:09","modified_gmt":"2024-05-10T02:47:09","slug":"karcher-high-pressure-cleaner-max-145bar-k-5-power-control-13245500-k5-1-324-550-0","status":"publish","type":"product","link":"https:\/\/homeappliances.my\/onlineshop\/product\/karcher-high-pressure-cleaner-max-145bar-k-5-power-control-13245500-k5-1-324-550-0\/","title":{"rendered":"KARCHER HIGH PRESSURE CLEANER "},"content":{"rendered":"<p>For greater control and better handling \u2013 using the K\u00e4rcher Home &amp; Garden app, the user is assisted in many cleaning situations and with different cleaning objects. The application consultant describes the optimal pressure level for the selected cleaning object. The pressure can be manually adjusted by turning the Vario Power spray lance. The app also offers other useful functions such as assembly instructions, maintenance and care instructions, as well as the K\u00e4rcher Service portal. Other equipment details: The G 160 Q Power Control spray gun, the Dirt Blaster, the Plug &#8216;n&#8217; Clean detergent system for the fast and clean changeover of the detergent, the high-quality aluminium telescopic handle for comfortable transportation and space-saving storage, the Quick Connect system for effortless and time-saving connection and disconnection of the high-pressure hose and the device and the spray gun, as well as the parking position for readily accessible accessories.<\/p>\n<p><img decoding=\"async\" src=\"https:\/\/my-live-01.slatic.net\/p\/13f702df1c51ac8335eff3cdaae36403.png\" alt=\"13f702df1c51ac8335eff3cdaae36403\" \/><\/p>\n<p><img decoding=\"async\" src=\"https:\/\/my-live-01.slatic.net\/p\/b46eeb087d460edfd1542915a1face3b.png\" alt=\"b46eeb087d460edfd1542915a1face3b\" \/><\/p>\n<p><img decoding=\"async\" src=\"https:\/\/my-live-01.slatic.net\/p\/70c35168c4a42cf93884e1028cccd71d.png\" alt=\"70c35168c4a42cf93884e1028cccd71d\" \/><\/p>\n","protected":false},"excerpt":{"rendered":"<p>Home &amp; Garden app<\/p>\n<ul>\n<li>The K\u00e4rcher Home &amp; Garden app makes you a cleaning expert. Make use of our extensive K\u00e4rcher knowledge for the perfect cleaning results.\u00a0 Convenient comprehensive service \u2013 all info on the device, its application and our Service portal.<\/li>\n<\/ul>\n<p>Power Control spray gun and\u00a0Quick Connect\u00a0spray lances<\/p>\n<ul>\n<li>The optimal setting for every surface. Three pressure settings and one detergent setting. Full control \u2013 the manual display shows the settings that have been set.\u00a0Quick Connect\u00a0for easily connecting high-pressure hose and accessories.<\/li>\n<\/ul>\n<p>Plug &#8216;n&#8217; Clean \u2013 the K\u00e4rcher detergent system<\/p>\n<ul>\n<li>Innovative insertion system for K\u00e4rcher detergent bottles. For quick, convenient and comfortable application of detergents with the pressure washer. K\u00e4rcher detergents increase efficiency, and protect and care for the surface.<\/li>\n<li>Telescopic handle made from high-quality aluminium<\/li>\n<li>Can be adapted to people of different heights.<\/li>\n<li>The height of the telescopic handle can be adjusted by pulling.<\/li>\n<li>Completely retractable handle for space-saving storage.<\/li>\n<\/ul>\n","protected":false},"featured_media":30823,"comment_status":"closed","ping_status":"closed","template":"","meta":{"_monsterinsights_skip_tracking":false,"_monsterinsights_sitenote_active":false,"_monsterinsights_sitenote_note":"","_monsterinsights_sitenote_category":0},"product_brand":[],"product_cat":[384,292],"product_tag":[],"class_list":{"0":"post-30822","1":"product","2":"type-product","3":"status-publish","4":"has-post-thumbnail","6":"product_cat-installment-product","7":"product_cat-washing-appliances","8":"yith_product_brand-karcher","11":"instock","12":"taxable","13":"shipping-taxable","14":"purchasable","15":"product-type-simple"},"yoast_head":"<!-- This site is optimized with the Yoast SEO plugin v26.2 - https:\/\/yoast.com\/wordpress\/plugins\/seo\/ -->\n<title>KARCHER HIGH PRESSURE CLEANER (MAX 145BAR) K 5 Power Control 13245500 \/ K5\/1.324-550.0 - Dinor Kempas Jaya<\/title>\n<meta name=\"robots\" content=\"index, follow, max-snippet:-1, max-image-preview:large, max-video-preview:-1\" \/>\n<link rel=\"canonical\" href=\"https:\/\/homeappliances.my\/onlineshop\/product\/karcher-high-pressure-cleaner-max-145bar-k-5-power-control-13245500-k5-1-324-550-0\/\" \/>\n<meta property=\"og:locale\" content=\"en_US\" \/>\n<meta property=\"og:type\" content=\"article\" \/>\n<meta property=\"og:title\" content=\"KARCHER HIGH PRESSURE CLEANER (MAX 145BAR) K 5 Power Control 13245500 \/ K5\/1.324-550.0 - Dinor Kempas Jaya\" \/>\n<meta property=\"og:description\" content=\"Home &amp; Garden app   The K\u00e4rcher Home &amp; Garden app makes you a cleaning expert. Make use of our extensive K\u00e4rcher knowledge for the perfect cleaning results.\u00a0 Convenient comprehensive service \u2013 all info on the device, its application and our Service portal.  Power Control spray gun and\u00a0Quick Connect\u00a0spray lances   The optimal setting for every surface. Three pressure settings and one detergent setting. Full control \u2013 the manual display shows the settings that have been set.\u00a0Quick Connect\u00a0for easily connecting high-pressure hose and accessories.  Plug &#039;n&#039; Clean \u2013 the K\u00e4rcher detergent system   Innovative insertion system for K\u00e4rcher detergent bottles. For quick, convenient and comfortable application of detergents with the pressure washer. K\u00e4rcher detergents increase efficiency, and protect and care for the surface.  Telescopic handle made from high-quality aluminium  Can be adapted to people of different heights.  The height of the telescopic handle can be adjusted by pulling.  Completely retractable handle for space-saving storage.\" \/>\n<meta property=\"og:url\" content=\"https:\/\/homeappliances.my\/onlineshop\/product\/karcher-high-pressure-cleaner-max-145bar-k-5-power-control-13245500-k5-1-324-550-0\/\" \/>\n<meta property=\"og:site_name\" content=\"Dinor Kempas Jaya\" \/>\n<meta property=\"article:modified_time\" content=\"2024-05-10T02:47:09+00:00\" \/>\n<meta property=\"og:image\" content=\"https:\/\/homeappliances.my\/onlineshop\/wp-content\/uploads\/2022\/01\/K5-1.jpg\" \/>\n\t<meta property=\"og:image:width\" content=\"600\" \/>\n\t<meta property=\"og:image:height\" content=\"600\" \/>\n\t<meta property=\"og:image:type\" content=\"image\/jpeg\" \/>\n<meta name=\"twitter:card\" content=\"summary_large_image\" \/>\n<meta name=\"twitter:label1\" content=\"Est. reading time\" \/>\n\t<meta name=\"twitter:data1\" content=\"2 minutes\" \/>\n<script type=\"application\/ld+json\" class=\"yoast-schema-graph\">{\"@context\":\"https:\/\/schema.org\",\"@graph\":[{\"@type\":\"WebPage\",\"@id\":\"https:\/\/homeappliances.my\/onlineshop\/product\/karcher-high-pressure-cleaner-max-145bar-k-5-power-control-13245500-k5-1-324-550-0\/\",\"url\":\"https:\/\/homeappliances.my\/onlineshop\/product\/karcher-high-pressure-cleaner-max-145bar-k-5-power-control-13245500-k5-1-324-550-0\/\",\"name\":\"KARCHER HIGH PRESSURE CLEANER (MAX 145BAR) K 5 Power Control 13245500 \/ K5\/1.324-550.0 - Dinor Kempas Jaya\",\"isPartOf\":{\"@id\":\"https:\/\/homeappliances.my\/onlineshop\/#website\"},\"primaryImageOfPage\":{\"@id\":\"https:\/\/homeappliances.my\/onlineshop\/product\/karcher-high-pressure-cleaner-max-145bar-k-5-power-control-13245500-k5-1-324-550-0\/#primaryimage\"},\"image\":{\"@id\":\"https:\/\/homeappliances.my\/onlineshop\/product\/karcher-high-pressure-cleaner-max-145bar-k-5-power-control-13245500-k5-1-324-550-0\/#primaryimage\"},\"thumbnailUrl\":\"https:\/\/homeappliances.my\/onlineshop\/wp-content\/uploads\/2022\/01\/K5-1.jpg\",\"datePublished\":\"2022-01-18T07:32:49+00:00\",\"dateModified\":\"2024-05-10T02:47:09+00:00\",\"breadcrumb\":{\"@id\":\"https:\/\/homeappliances.my\/onlineshop\/product\/karcher-high-pressure-cleaner-max-145bar-k-5-power-control-13245500-k5-1-324-550-0\/#breadcrumb\"},\"inLanguage\":\"en-US\",\"potentialAction\":[{\"@type\":\"ReadAction\",\"target\":[\"https:\/\/homeappliances.my\/onlineshop\/product\/karcher-high-pressure-cleaner-max-145bar-k-5-power-control-13245500-k5-1-324-550-0\/\"]}]},{\"@type\":\"ImageObject\",\"inLanguage\":\"en-US\",\"@id\":\"https:\/\/homeappliances.my\/onlineshop\/product\/karcher-high-pressure-cleaner-max-145bar-k-5-power-control-13245500-k5-1-324-550-0\/#primaryimage\",\"url\":\"https:\/\/homeappliances.my\/onlineshop\/wp-content\/uploads\/2022\/01\/K5-1.jpg\",\"contentUrl\":\"https:\/\/homeappliances.my\/onlineshop\/wp-content\/uploads\/2022\/01\/K5-1.jpg\",\"width\":600,\"height\":600},{\"@type\":\"BreadcrumbList\",\"@id\":\"https:\/\/homeappliances.my\/onlineshop\/product\/karcher-high-pressure-cleaner-max-145bar-k-5-power-control-13245500-k5-1-324-550-0\/#breadcrumb\",\"itemListElement\":[{\"@type\":\"ListItem\",\"position\":1,\"name\":\"Home\",\"item\":\"https:\/\/homeappliances.my\/onlineshop\/\"},{\"@type\":\"ListItem\",\"position\":2,\"name\":\"Shop\",\"item\":\"https:\/\/homeappliances.my\/onlineshop\/shop\/\"},{\"@type\":\"ListItem\",\"position\":3,\"name\":\"KARCHER HIGH PRESSURE CLEANER (MAX 145BAR) K 5 Power Control 13245500 \/ K5\/1.324-550.0\"}]},{\"@type\":\"WebSite\",\"@id\":\"https:\/\/homeappliances.my\/onlineshop\/#website\",\"url\":\"https:\/\/homeappliances.my\/onlineshop\/\",\"name\":\"Dinor Kempas Jaya\",\"description\":\"Go Green Go Smart\",\"potentialAction\":[{\"@type\":\"SearchAction\",\"target\":{\"@type\":\"EntryPoint\",\"urlTemplate\":\"https:\/\/homeappliances.my\/onlineshop\/?s={search_term_string}\"},\"query-input\":{\"@type\":\"PropertyValueSpecification\",\"valueRequired\":true,\"valueName\":\"search_term_string\"}}],\"inLanguage\":\"en-US\"}]}<\/script>\n<!-- \/ Yoast SEO plugin. -->","yoast_head_json":{"title":"KARCHER HIGH PRESSURE CLEANER (MAX 145BAR) K 5 Power Control 13245500 \/ K5\/1.324-550.0 - Dinor Kempas Jaya","robots":{"index":"index","follow":"follow","max-snippet":"max-snippet:-1","max-image-preview":"max-image-preview:large","max-video-preview":"max-video-preview:-1"},"canonical":"https:\/\/homeappliances.my\/onlineshop\/product\/karcher-high-pressure-cleaner-max-145bar-k-5-power-control-13245500-k5-1-324-550-0\/","og_locale":"en_US","og_type":"article","og_title":"KARCHER HIGH PRESSURE CLEANER (MAX 145BAR) K 5 Power Control 13245500 \/ K5\/1.324-550.0 - Dinor Kempas Jaya","og_description":"Home &amp; Garden app   The K\u00e4rcher Home &amp; Garden app makes you a cleaning expert. Make use of our extensive K\u00e4rcher knowledge for the perfect cleaning results.\u00a0 Convenient comprehensive service \u2013 all info on the device, its application and our Service portal.  Power Control spray gun and\u00a0Quick Connect\u00a0spray lances   The optimal setting for every surface. Three pressure settings and one detergent setting. Full control \u2013 the manual display shows the settings that have been set.\u00a0Quick Connect\u00a0for easily connecting high-pressure hose and accessories.  Plug 'n' Clean \u2013 the K\u00e4rcher detergent system   Innovative insertion system for K\u00e4rcher detergent bottles. For quick, convenient and comfortable application of detergents with the pressure washer. K\u00e4rcher detergents increase efficiency, and protect and care for the surface.  Telescopic handle made from high-quality aluminium  Can be adapted to people of different heights.  The height of the telescopic handle can be adjusted by pulling.  Completely retractable handle for space-saving storage.","og_url":"https:\/\/homeappliances.my\/onlineshop\/product\/karcher-high-pressure-cleaner-max-145bar-k-5-power-control-13245500-k5-1-324-550-0\/","og_site_name":"Dinor Kempas Jaya","article_modified_time":"2024-05-10T02:47:09+00:00","og_image":[{"width":600,"height":600,"url":"https:\/\/homeappliances.my\/onlineshop\/wp-content\/uploads\/2022\/01\/K5-1.jpg","type":"image\/jpeg"}],"twitter_card":"summary_large_image","twitter_misc":{"Est. reading time":"2 minutes"},"schema":{"@context":"https:\/\/schema.org","@graph":[{"@type":"WebPage","@id":"https:\/\/homeappliances.my\/onlineshop\/product\/karcher-high-pressure-cleaner-max-145bar-k-5-power-control-13245500-k5-1-324-550-0\/","url":"https:\/\/homeappliances.my\/onlineshop\/product\/karcher-high-pressure-cleaner-max-145bar-k-5-power-control-13245500-k5-1-324-550-0\/","name":"KARCHER HIGH PRESSURE CLEANER (MAX 145BAR) K 5 Power Control 13245500 \/ K5\/1.324-550.0 - Dinor Kempas Jaya","isPartOf":{"@id":"https:\/\/homeappliances.my\/onlineshop\/#website"},"primaryImageOfPage":{"@id":"https:\/\/homeappliances.my\/onlineshop\/product\/karcher-high-pressure-cleaner-max-145bar-k-5-power-control-13245500-k5-1-324-550-0\/#primaryimage"},"image":{"@id":"https:\/\/homeappliances.my\/onlineshop\/product\/karcher-high-pressure-cleaner-max-145bar-k-5-power-control-13245500-k5-1-324-550-0\/#primaryimage"},"thumbnailUrl":"https:\/\/homeappliances.my\/onlineshop\/wp-content\/uploads\/2022\/01\/K5-1.jpg","datePublished":"2022-01-18T07:32:49+00:00","dateModified":"2024-05-10T02:47:09+00:00","breadcrumb":{"@id":"https:\/\/homeappliances.my\/onlineshop\/product\/karcher-high-pressure-cleaner-max-145bar-k-5-power-control-13245500-k5-1-324-550-0\/#breadcrumb"},"inLanguage":"en-US","potentialAction":[{"@type":"ReadAction","target":["https:\/\/homeappliances.my\/onlineshop\/product\/karcher-high-pressure-cleaner-max-145bar-k-5-power-control-13245500-k5-1-324-550-0\/"]}]},{"@type":"ImageObject","inLanguage":"en-US","@id":"https:\/\/homeappliances.my\/onlineshop\/product\/karcher-high-pressure-cleaner-max-145bar-k-5-power-control-13245500-k5-1-324-550-0\/#primaryimage","url":"https:\/\/homeappliances.my\/onlineshop\/wp-content\/uploads\/2022\/01\/K5-1.jpg","contentUrl":"https:\/\/homeappliances.my\/onlineshop\/wp-content\/uploads\/2022\/01\/K5-1.jpg","width":600,"height":600},{"@type":"BreadcrumbList","@id":"https:\/\/homeappliances.my\/onlineshop\/product\/karcher-high-pressure-cleaner-max-145bar-k-5-power-control-13245500-k5-1-324-550-0\/#breadcrumb","itemListElement":[{"@type":"ListItem","position":1,"name":"Home","item":"https:\/\/homeappliances.my\/onlineshop\/"},{"@type":"ListItem","position":2,"name":"Shop","item":"https:\/\/homeappliances.my\/onlineshop\/shop\/"},{"@type":"ListItem","position":3,"name":"KARCHER HIGH PRESSURE CLEANER (MAX 145BAR) K 5 Power Control 13245500 \/ K5\/1.324-550.0"}]},{"@type":"WebSite","@id":"https:\/\/homeappliances.my\/onlineshop\/#website","url":"https:\/\/homeappliances.my\/onlineshop\/","name":"Dinor Kempas Jaya","description":"Go Green Go Smart","potentialAction":[{"@type":"SearchAction","target":{"@type":"EntryPoint","urlTemplate":"https:\/\/homeappliances.my\/onlineshop\/?s={search_term_string}"},"query-input":{"@type":"PropertyValueSpecification","valueRequired":true,"valueName":"search_term_string"}}],"inLanguage":"en-US"}]}},"_links":{"self":[{"href":"https:\/\/homeappliances.my\/onlineshop\/wp-json\/wp\/v2\/product\/30822","targetHints":{"allow":["GET"]}}],"collection":[{"href":"https:\/\/homeappliances.my\/onlineshop\/wp-json\/wp\/v2\/product"}],"about":[{"href":"https:\/\/homeappliances.my\/onlineshop\/wp-json\/wp\/v2\/types\/product"}],"replies":[{"embeddable":true,"href":"https:\/\/homeappliances.my\/onlineshop\/wp-json\/wp\/v2\/comments?post=30822"}],"version-history":[{"count":0,"href":"https:\/\/homeappliances.my\/onlineshop\/wp-json\/wp\/v2\/product\/30822\/revisions"}],"wp:featuredmedia":[{"embeddable":true,"href":"https:\/\/homeappliances.my\/onlineshop\/wp-json\/wp\/v2\/media\/30823"}],"wp:attachment":[{"href":"https:\/\/homeappliances.my\/onlineshop\/wp-json\/wp\/v2\/media?parent=30822"}],"wp:term":[{"taxonomy":"product_brand","embeddable":true,"href":"https:\/\/homeappliances.my\/onlineshop\/wp-json\/wp\/v2\/product_brand?post=30822"},{"taxonomy":"product_cat","embeddable":true,"href":"https:\/\/homeappliances.my\/onlineshop\/wp-json\/wp\/v2\/product_cat?post=30822"},{"taxonomy":"product_tag","embeddable":true,"href":"https:\/\/homeappliances.my\/onlineshop\/wp-json\/wp\/v2\/product_tag?post=30822"}],"curies":[{"name":"wp","href":"https:\/\/api.w.org\/{rel}","templated":true}]}}