{"id":41228,"date":"2023-04-06T14:19:12","date_gmt":"2023-04-06T06:19:12","guid":{"rendered":"https:\/\/homeappliances.my\/onlineshop\/?post_type=product&#038;p=41228"},"modified":"2026-01-27T10:08:51","modified_gmt":"2026-01-27T02:08:51","slug":"sharp-1-0hp-r32-non-inverter-air-conditioner-aha9wcd2-aua9wcd2","status":"publish","type":"product","link":"https:\/\/homeappliances.my\/onlineshop\/product\/sharp-1-0hp-r32-non-inverter-air-conditioner-aha9wcd2-aua9wcd2\/","title":{"rendered":"Sharp 1.0HP R32 Non-Inverter A"},"content":{"rendered":"<article class=\"lzd-article\">\n<p style=\"line-height: 1.7;text-align: left;text-indent: 0;margin-left: 0;margin-top: 0;margin-bottom: 0\">\ud835\udc0c\ud835\udc28\ud835\udc1d\ud835\udc1e\ud835\udc25: \ud835\udc00\ud835\udc07\ud835\udc00\ud835\udfd7\ud835\udc16\ud835\udc02\ud835\udc03\ud835\udfd0 \/ \ud835\udc00\ud835\udc14\ud835\udc00\ud835\udfd7\ud835\udc16\ud835\udc02\ud835\udc03\ud835\udfd0<\/p>\n<p style=\"line-height: 1.7;text-align: left;text-indent: 0;margin-left: 0;margin-top: 0;margin-bottom: 0\"><span style=\"font-size: 10.5pt\">Specification (-)<\/span><\/p>\n<p style=\"line-height: 1.7;text-align: left;text-indent: 0;margin-left: 0;margin-top: 0;margin-bottom: 0\"><span style=\"font-size: 10.5pt\">Cooling Capacity (BTU) 9,000<\/span><\/p>\n<p style=\"line-height: 1.7;text-align: left;text-indent: 0;margin-left: 0;margin-top: 0;margin-bottom: 0\"><span style=\"font-size: 10.5pt\">Power Input (W) 765<\/span><\/p>\n<p style=\"line-height: 1.7;text-align: left;text-indent: 0;margin-left: 0;margin-top: 0;margin-bottom: 0\"><span style=\"font-size: 10.5pt\">Running Current (A) 3.3<\/span><\/p>\n<p style=\"line-height: 1.7;text-align: left;text-indent: 0;margin-left: 0;margin-top: 0;margin-bottom: 0\"><span style=\"font-size: 10.5pt\">CSPF (Wh\/Wh) 3.64<\/span><\/p>\n<p style=\"line-height: 1.7;text-align: left;text-indent: 0;margin-left: 0;margin-top: 0;margin-bottom: 0\"><span style=\"font-size: 10.5pt\">Star Rank 3<\/span><\/p>\n<p style=\"line-height: 1.7;text-align: left;text-indent: 0;margin-left: 0;margin-top: 0;margin-bottom: 0\"><span style=\"font-size: 10.5pt\">Annual energy consumption (kWh) 1,271<\/span><\/p>\n<p style=\"line-height: 1.7;text-align: left;text-indent: 0;margin-left: 0;margin-top: 0;margin-bottom: 0\"><span style=\"font-size: 10.5pt\">Power Supply (V-Hz) 220-240V, 50Hz<\/span><\/p>\n<p style=\"line-height: 1.7;text-align: left;text-indent: 0;margin-left: 0;margin-top: 0;margin-bottom: 0\"><span style=\"font-size: 10.5pt\">Air Volume (m3\/min) 9.9<\/span><\/p>\n<p style=\"line-height: 1.7;text-align: left;text-indent: 0;margin-left: 0;margin-top: 0;margin-bottom: 0\"><span style=\"font-size: 10.5pt\">Noise Level dB(A) 40.5\/27.5 (indoor), 51.5 (outdoor)<\/span><\/p>\n<p style=\"line-height: 1.7;text-align: left;text-indent: 0;margin-left: 0;margin-top: 0;margin-bottom: 0\"><span style=\"font-size: 10.5pt\">Dimension (mm) &#8211; Indoor (W\u00d7H\u00d7D) 805 x 285 x 194<\/span><\/p>\n<p style=\"line-height: 1.7;text-align: left;text-indent: 0;margin-left: 0;margin-top: 0;margin-bottom: 0\"><span style=\"font-size: 10.5pt\">Dimension (mm) &#8211; Outdoor (W\u00d7H\u00d7D) 720 x 495 x 270<\/span><\/p>\n<p style=\"line-height: 1.7;text-align: left;text-indent: 0;margin-left: 0;margin-top: 0;margin-bottom: 0\"><span style=\"font-size: 10.5pt\">Net Weight (kg) &#8211; Indoor 8.3<\/span><\/p>\n<p style=\"line-height: 1.7;text-align: left;text-indent: 0;margin-left: 0;margin-top: 0;margin-bottom: 0\"><span style=\"font-size: 10.5pt\">Net Weight (kg) &#8211; Outdoor 23.1<\/span><\/p>\n<p style=\"line-height: 1.7;text-align: left;text-indent: 0;margin-left: 0;margin-top: 0;margin-bottom: 0\"><span style=\"font-size: 10.5pt\">Refrigerant R32<\/span><\/p>\n<p style=\"line-height: 1.7;text-align: left;text-indent: 0;margin-left: 0;margin-top: 0;margin-bottom: 0\"><span style=\"font-size: 10.5pt\">Pipe Diameter (inch) 1\/4, 3\/8<\/span><\/p>\n<p style=\"line-height: 1.7;text-align: left;text-indent: 0;margin-left: 0;margin-top: 0;margin-bottom: 0\"><span style=\"font-size: 10.5pt\">Pipe Length (Min-Max) (m) 3 &#8211; 20<\/span><\/p>\n<p style=\"line-height: 1.7;text-align: left;text-indent: 0;margin-left: 0;margin-top: 0;margin-bottom: 0\"><span style=\"font-size: 10.5pt\">Maximum Height Difference (m) 8<\/span><\/p>\n<p style=\"line-height: 1.7;text-align: left;text-indent: 0;margin-left: 0;margin-top: 0;margin-bottom: 0\"><span style=\"font-size: 10.5pt\">Outdoor Unit AUA9WCD2<\/span><\/p>\n<p style=\"line-height: 1.7;text-align: left;text-indent: 0;margin-left: 0;margin-top: 0;margin-bottom: 0\"><span style=\"font-size: 10.5pt\">Features (-)<\/span><\/p>\n<p style=\"line-height: 1.7;text-align: left;text-indent: 0;margin-left: 0;margin-top: 0;margin-bottom: 0\"><span style=\"font-size: 10.5pt\">Sleep Mode Yes<\/span><\/p>\n<p style=\"line-height: 1.7;text-align: left;text-indent: 0;margin-left: 0;margin-top: 0;margin-bottom: 0\"><span style=\"font-size: 10.5pt\">Self-Cleaning Yes<\/span><\/p>\n<p style=\"line-height: 1.7;text-align: left;text-indent: 0;margin-left: 0;margin-top: 0;margin-bottom: 0\"><span style=\"font-size: 10.5pt\">24-Hour On\/Off Timer Yes<\/span><\/p>\n<p style=\"line-height: 1.7;text-align: left;text-indent: 0;margin-left: 0;margin-top: 0;margin-bottom: 0\"><span style=\"font-size: 10.5pt\">Auto Restart Yes<\/span><\/p>\n<p style=\"line-height: 1.7;text-align: left;text-indent: 0;margin-left: 0;margin-top: 0;margin-bottom: 0\"><span style=\"font-size: 10.5pt\">Dual Drain Setting Yes<\/span><\/p>\n<p style=\"line-height: 1.7;text-align: left;text-indent: 0;margin-left: 0;margin-top: 0;margin-bottom: 0\"><img decoding=\"async\" style=\"width: 1328px;height: 562px;vertical-align: middle\" src=\"https:\/\/my-live-01.slatic.net\/p\/049ea3351b68a1888af8135c1375f70f.png\" \/><\/p>\n<div id=\"imageCard:tripleImage:d511ac70-5b7a-c62a-6604-89f615539a8d\" class=\"image-card\" style=\"margin-top: 24px;margin-bottom: 24px\"><img decoding=\"async\" style=\"width: 100%\" src=\"https:\/\/vn-live-02.slatic.net\/p\/ee7f6d82561488f2c0122445ad996194.png\" \/><\/div>\n<p style=\"line-height: 1.7;text-align: left;text-indent: 0;margin-left: 0;margin-top: 0;margin-bottom: 0\">\n<\/article>\n","protected":false},"excerpt":{"rendered":"<p>\ud835\udc0c\ud835\udc28\ud835\udc1d\ud835\udc1e\ud835\udc25: \ud835\udc00\ud835\udc07\ud835\udc00\ud835\udfd7\ud835\udc16\ud835\udc02\ud835\udc03\ud835\udfd0 \/ \ud835\udc00\ud835\udc14\ud835\udc00\ud835\udfd7\ud835\udc16\ud835\udc02\ud835\udc03\ud835\udfd0<br \/>\nSpecification (-)<br \/>\nCooling Capacity (BTU) 9,000<br \/>\nPower Input (W) 765<br \/>\nRunning Current (A) 3.3<br \/>\nCSPF (Wh\/Wh) 3.64<br \/>\nStar Rank 3<br \/>\nAnnual energy consumption (kWh) 1,271<br \/>\nPower Supply (V-Hz) 220-240V, 50Hz<br \/>\nAir Volume (m3\/min) 9.9<br \/>\nNoise Level dB(A) 40.5\/27.5 (indoor), 51.5 (outdoor)<br \/>\nDimension (mm) &#8211; Indoor (W\u00d7H\u00d7D) 805 x 285 x 194<br \/>\nDimension (mm) &#8211; Outdoor (W\u00d7H\u00d7D) 720 x 495 x 270<br \/>\nNet Weight (kg) &#8211; Indoor 8.3<br \/>\nNet Weight (kg) &#8211; Outdoor 23.1<br \/>\nRefrigerant R32<br \/>\nPipe Diameter (inch) 1\/4, 3\/8<br \/>\nPipe Length (Min-Max) (m) 3 &#8211; 20<br \/>\nMaximum Height Difference (m) 8<br \/>\nOutdoor Unit AUA9WCD2<\/p>\n<p>Features (-)<br \/>\nSleep Mode Yes<br \/>\nSelf-Cleaning Yes<br \/>\n24-Hour On\/Off Timer Yes<br \/>\nAuto Restart Yes<br \/>\nDual Drain Setting Yes<\/p>\n","protected":false},"featured_media":42041,"comment_status":"closed","ping_status":"closed","template":"","meta":{"_monsterinsights_skip_tracking":false,"_monsterinsights_sitenote_active":false,"_monsterinsights_sitenote_note":"","_monsterinsights_sitenote_category":0},"product_brand":[],"product_cat":[384],"product_tag":[],"class_list":{"0":"post-41228","1":"product","2":"type-product","3":"status-publish","4":"has-post-thumbnail","6":"product_cat-installment-product","7":"yith_product_brand-sharp","10":"outofstock","11":"sale","12":"taxable","13":"shipping-taxable","14":"purchasable","15":"product-type-simple"},"yoast_head":"<!-- This site is optimized with the Yoast SEO plugin v26.2 - https:\/\/yoast.com\/wordpress\/plugins\/seo\/ -->\n<title>Sharp 1.0HP R32 Non-Inverter Air Conditioner - AHA9WCD2\/AUA9WCD2 - Dinor Kempas Jaya<\/title>\n<meta name=\"robots\" content=\"index, follow, max-snippet:-1, max-image-preview:large, max-video-preview:-1\" \/>\n<link rel=\"canonical\" href=\"https:\/\/homeappliances.my\/onlineshop\/product\/sharp-1-0hp-r32-non-inverter-air-conditioner-aha9wcd2-aua9wcd2\/\" \/>\n<meta property=\"og:locale\" content=\"en_US\" \/>\n<meta property=\"og:type\" content=\"article\" \/>\n<meta property=\"og:title\" content=\"Sharp 1.0HP R32 Non-Inverter Air Conditioner - AHA9WCD2\/AUA9WCD2 - Dinor Kempas Jaya\" \/>\n<meta property=\"og:description\" content=\"\ud835\udc0c\ud835\udc28\ud835\udc1d\ud835\udc1e\ud835\udc25: \ud835\udc00\ud835\udc07\ud835\udc00\ud835\udfd7\ud835\udc16\ud835\udc02\ud835\udc03\ud835\udfd0 \/ \ud835\udc00\ud835\udc14\ud835\udc00\ud835\udfd7\ud835\udc16\ud835\udc02\ud835\udc03\ud835\udfd0 Specification (-) Cooling Capacity (BTU) 9,000 Power Input (W) 765 Running Current (A) 3.3 CSPF (Wh\/Wh) 3.64 Star Rank 3 Annual energy consumption (kWh) 1,271 Power Supply (V-Hz) 220-240V, 50Hz Air Volume (m3\/min) 9.9 Noise Level dB(A) 40.5\/27.5 (indoor), 51.5 (outdoor) Dimension (mm) - Indoor (W\u00d7H\u00d7D) 805 x 285 x 194 Dimension (mm) - Outdoor (W\u00d7H\u00d7D) 720 x 495 x 270 Net Weight (kg) - Indoor 8.3 Net Weight (kg) - Outdoor 23.1 Refrigerant R32 Pipe Diameter (inch) 1\/4, 3\/8 Pipe Length (Min-Max) (m) 3 - 20 Maximum Height Difference (m) 8 Outdoor Unit AUA9WCD2  Features (-) Sleep Mode Yes Self-Cleaning Yes 24-Hour On\/Off Timer Yes Auto Restart Yes Dual Drain Setting Yes\" \/>\n<meta property=\"og:url\" content=\"https:\/\/homeappliances.my\/onlineshop\/product\/sharp-1-0hp-r32-non-inverter-air-conditioner-aha9wcd2-aua9wcd2\/\" \/>\n<meta property=\"og:site_name\" content=\"Dinor Kempas Jaya\" \/>\n<meta property=\"article:modified_time\" content=\"2026-01-27T02:08:51+00:00\" \/>\n<meta property=\"og:image\" content=\"https:\/\/homeappliances.my\/onlineshop\/wp-content\/uploads\/2023\/04\/ca5f8566b2ab316b66ffed507cfc8d72-1.jpg\" \/>\n\t<meta property=\"og:image:width\" content=\"600\" \/>\n\t<meta property=\"og:image:height\" content=\"600\" \/>\n\t<meta property=\"og:image:type\" content=\"image\/jpeg\" \/>\n<meta name=\"twitter:card\" content=\"summary_large_image\" \/>\n<meta name=\"twitter:label1\" content=\"Est. reading time\" \/>\n\t<meta name=\"twitter:data1\" content=\"2 minutes\" \/>\n<script type=\"application\/ld+json\" class=\"yoast-schema-graph\">{\"@context\":\"https:\/\/schema.org\",\"@graph\":[{\"@type\":\"WebPage\",\"@id\":\"https:\/\/homeappliances.my\/onlineshop\/product\/sharp-1-0hp-r32-non-inverter-air-conditioner-aha9wcd2-aua9wcd2\/\",\"url\":\"https:\/\/homeappliances.my\/onlineshop\/product\/sharp-1-0hp-r32-non-inverter-air-conditioner-aha9wcd2-aua9wcd2\/\",\"name\":\"Sharp 1.0HP R32 Non-Inverter Air Conditioner - AHA9WCD2\/AUA9WCD2 - Dinor Kempas Jaya\",\"isPartOf\":{\"@id\":\"https:\/\/homeappliances.my\/onlineshop\/#website\"},\"primaryImageOfPage\":{\"@id\":\"https:\/\/homeappliances.my\/onlineshop\/product\/sharp-1-0hp-r32-non-inverter-air-conditioner-aha9wcd2-aua9wcd2\/#primaryimage\"},\"image\":{\"@id\":\"https:\/\/homeappliances.my\/onlineshop\/product\/sharp-1-0hp-r32-non-inverter-air-conditioner-aha9wcd2-aua9wcd2\/#primaryimage\"},\"thumbnailUrl\":\"https:\/\/homeappliances.my\/onlineshop\/wp-content\/uploads\/2023\/04\/ca5f8566b2ab316b66ffed507cfc8d72-1.jpg\",\"datePublished\":\"2023-04-06T06:19:12+00:00\",\"dateModified\":\"2026-01-27T02:08:51+00:00\",\"breadcrumb\":{\"@id\":\"https:\/\/homeappliances.my\/onlineshop\/product\/sharp-1-0hp-r32-non-inverter-air-conditioner-aha9wcd2-aua9wcd2\/#breadcrumb\"},\"inLanguage\":\"en-US\",\"potentialAction\":[{\"@type\":\"ReadAction\",\"target\":[\"https:\/\/homeappliances.my\/onlineshop\/product\/sharp-1-0hp-r32-non-inverter-air-conditioner-aha9wcd2-aua9wcd2\/\"]}]},{\"@type\":\"ImageObject\",\"inLanguage\":\"en-US\",\"@id\":\"https:\/\/homeappliances.my\/onlineshop\/product\/sharp-1-0hp-r32-non-inverter-air-conditioner-aha9wcd2-aua9wcd2\/#primaryimage\",\"url\":\"https:\/\/homeappliances.my\/onlineshop\/wp-content\/uploads\/2023\/04\/ca5f8566b2ab316b66ffed507cfc8d72-1.jpg\",\"contentUrl\":\"https:\/\/homeappliances.my\/onlineshop\/wp-content\/uploads\/2023\/04\/ca5f8566b2ab316b66ffed507cfc8d72-1.jpg\",\"width\":600,\"height\":600},{\"@type\":\"BreadcrumbList\",\"@id\":\"https:\/\/homeappliances.my\/onlineshop\/product\/sharp-1-0hp-r32-non-inverter-air-conditioner-aha9wcd2-aua9wcd2\/#breadcrumb\",\"itemListElement\":[{\"@type\":\"ListItem\",\"position\":1,\"name\":\"Home\",\"item\":\"https:\/\/homeappliances.my\/onlineshop\/\"},{\"@type\":\"ListItem\",\"position\":2,\"name\":\"Shop\",\"item\":\"https:\/\/homeappliances.my\/onlineshop\/shop\/\"},{\"@type\":\"ListItem\",\"position\":3,\"name\":\"Sharp 1.0HP R32 Non-Inverter A\"}]},{\"@type\":\"WebSite\",\"@id\":\"https:\/\/homeappliances.my\/onlineshop\/#website\",\"url\":\"https:\/\/homeappliances.my\/onlineshop\/\",\"name\":\"Dinor Kempas Jaya\",\"description\":\"Go Green Go Smart\",\"potentialAction\":[{\"@type\":\"SearchAction\",\"target\":{\"@type\":\"EntryPoint\",\"urlTemplate\":\"https:\/\/homeappliances.my\/onlineshop\/?s={search_term_string}\"},\"query-input\":{\"@type\":\"PropertyValueSpecification\",\"valueRequired\":true,\"valueName\":\"search_term_string\"}}],\"inLanguage\":\"en-US\"}]}<\/script>\n<!-- \/ Yoast SEO plugin. -->","yoast_head_json":{"title":"Sharp 1.0HP R32 Non-Inverter Air Conditioner - AHA9WCD2\/AUA9WCD2 - Dinor Kempas Jaya","robots":{"index":"index","follow":"follow","max-snippet":"max-snippet:-1","max-image-preview":"max-image-preview:large","max-video-preview":"max-video-preview:-1"},"canonical":"https:\/\/homeappliances.my\/onlineshop\/product\/sharp-1-0hp-r32-non-inverter-air-conditioner-aha9wcd2-aua9wcd2\/","og_locale":"en_US","og_type":"article","og_title":"Sharp 1.0HP R32 Non-Inverter Air Conditioner - AHA9WCD2\/AUA9WCD2 - Dinor Kempas Jaya","og_description":"\ud835\udc0c\ud835\udc28\ud835\udc1d\ud835\udc1e\ud835\udc25: \ud835\udc00\ud835\udc07\ud835\udc00\ud835\udfd7\ud835\udc16\ud835\udc02\ud835\udc03\ud835\udfd0 \/ \ud835\udc00\ud835\udc14\ud835\udc00\ud835\udfd7\ud835\udc16\ud835\udc02\ud835\udc03\ud835\udfd0 Specification (-) Cooling Capacity (BTU) 9,000 Power Input (W) 765 Running Current (A) 3.3 CSPF (Wh\/Wh) 3.64 Star Rank 3 Annual energy consumption (kWh) 1,271 Power Supply (V-Hz) 220-240V, 50Hz Air Volume (m3\/min) 9.9 Noise Level dB(A) 40.5\/27.5 (indoor), 51.5 (outdoor) Dimension (mm) - Indoor (W\u00d7H\u00d7D) 805 x 285 x 194 Dimension (mm) - Outdoor (W\u00d7H\u00d7D) 720 x 495 x 270 Net Weight (kg) - Indoor 8.3 Net Weight (kg) - Outdoor 23.1 Refrigerant R32 Pipe Diameter (inch) 1\/4, 3\/8 Pipe Length (Min-Max) (m) 3 - 20 Maximum Height Difference (m) 8 Outdoor Unit AUA9WCD2  Features (-) Sleep Mode Yes Self-Cleaning Yes 24-Hour On\/Off Timer Yes Auto Restart Yes Dual Drain Setting Yes","og_url":"https:\/\/homeappliances.my\/onlineshop\/product\/sharp-1-0hp-r32-non-inverter-air-conditioner-aha9wcd2-aua9wcd2\/","og_site_name":"Dinor Kempas Jaya","article_modified_time":"2026-01-27T02:08:51+00:00","og_image":[{"width":600,"height":600,"url":"https:\/\/homeappliances.my\/onlineshop\/wp-content\/uploads\/2023\/04\/ca5f8566b2ab316b66ffed507cfc8d72-1.jpg","type":"image\/jpeg"}],"twitter_card":"summary_large_image","twitter_misc":{"Est. reading time":"2 minutes"},"schema":{"@context":"https:\/\/schema.org","@graph":[{"@type":"WebPage","@id":"https:\/\/homeappliances.my\/onlineshop\/product\/sharp-1-0hp-r32-non-inverter-air-conditioner-aha9wcd2-aua9wcd2\/","url":"https:\/\/homeappliances.my\/onlineshop\/product\/sharp-1-0hp-r32-non-inverter-air-conditioner-aha9wcd2-aua9wcd2\/","name":"Sharp 1.0HP R32 Non-Inverter Air Conditioner - AHA9WCD2\/AUA9WCD2 - Dinor Kempas Jaya","isPartOf":{"@id":"https:\/\/homeappliances.my\/onlineshop\/#website"},"primaryImageOfPage":{"@id":"https:\/\/homeappliances.my\/onlineshop\/product\/sharp-1-0hp-r32-non-inverter-air-conditioner-aha9wcd2-aua9wcd2\/#primaryimage"},"image":{"@id":"https:\/\/homeappliances.my\/onlineshop\/product\/sharp-1-0hp-r32-non-inverter-air-conditioner-aha9wcd2-aua9wcd2\/#primaryimage"},"thumbnailUrl":"https:\/\/homeappliances.my\/onlineshop\/wp-content\/uploads\/2023\/04\/ca5f8566b2ab316b66ffed507cfc8d72-1.jpg","datePublished":"2023-04-06T06:19:12+00:00","dateModified":"2026-01-27T02:08:51+00:00","breadcrumb":{"@id":"https:\/\/homeappliances.my\/onlineshop\/product\/sharp-1-0hp-r32-non-inverter-air-conditioner-aha9wcd2-aua9wcd2\/#breadcrumb"},"inLanguage":"en-US","potentialAction":[{"@type":"ReadAction","target":["https:\/\/homeappliances.my\/onlineshop\/product\/sharp-1-0hp-r32-non-inverter-air-conditioner-aha9wcd2-aua9wcd2\/"]}]},{"@type":"ImageObject","inLanguage":"en-US","@id":"https:\/\/homeappliances.my\/onlineshop\/product\/sharp-1-0hp-r32-non-inverter-air-conditioner-aha9wcd2-aua9wcd2\/#primaryimage","url":"https:\/\/homeappliances.my\/onlineshop\/wp-content\/uploads\/2023\/04\/ca5f8566b2ab316b66ffed507cfc8d72-1.jpg","contentUrl":"https:\/\/homeappliances.my\/onlineshop\/wp-content\/uploads\/2023\/04\/ca5f8566b2ab316b66ffed507cfc8d72-1.jpg","width":600,"height":600},{"@type":"BreadcrumbList","@id":"https:\/\/homeappliances.my\/onlineshop\/product\/sharp-1-0hp-r32-non-inverter-air-conditioner-aha9wcd2-aua9wcd2\/#breadcrumb","itemListElement":[{"@type":"ListItem","position":1,"name":"Home","item":"https:\/\/homeappliances.my\/onlineshop\/"},{"@type":"ListItem","position":2,"name":"Shop","item":"https:\/\/homeappliances.my\/onlineshop\/shop\/"},{"@type":"ListItem","position":3,"name":"Sharp 1.0HP R32 Non-Inverter A"}]},{"@type":"WebSite","@id":"https:\/\/homeappliances.my\/onlineshop\/#website","url":"https:\/\/homeappliances.my\/onlineshop\/","name":"Dinor Kempas Jaya","description":"Go Green Go Smart","potentialAction":[{"@type":"SearchAction","target":{"@type":"EntryPoint","urlTemplate":"https:\/\/homeappliances.my\/onlineshop\/?s={search_term_string}"},"query-input":{"@type":"PropertyValueSpecification","valueRequired":true,"valueName":"search_term_string"}}],"inLanguage":"en-US"}]}},"_links":{"self":[{"href":"https:\/\/homeappliances.my\/onlineshop\/wp-json\/wp\/v2\/product\/41228","targetHints":{"allow":["GET"]}}],"collection":[{"href":"https:\/\/homeappliances.my\/onlineshop\/wp-json\/wp\/v2\/product"}],"about":[{"href":"https:\/\/homeappliances.my\/onlineshop\/wp-json\/wp\/v2\/types\/product"}],"replies":[{"embeddable":true,"href":"https:\/\/homeappliances.my\/onlineshop\/wp-json\/wp\/v2\/comments?post=41228"}],"version-history":[{"count":1,"href":"https:\/\/homeappliances.my\/onlineshop\/wp-json\/wp\/v2\/product\/41228\/revisions"}],"predecessor-version":[{"id":50041,"href":"https:\/\/homeappliances.my\/onlineshop\/wp-json\/wp\/v2\/product\/41228\/revisions\/50041"}],"wp:featuredmedia":[{"embeddable":true,"href":"https:\/\/homeappliances.my\/onlineshop\/wp-json\/wp\/v2\/media\/42041"}],"wp:attachment":[{"href":"https:\/\/homeappliances.my\/onlineshop\/wp-json\/wp\/v2\/media?parent=41228"}],"wp:term":[{"taxonomy":"product_brand","embeddable":true,"href":"https:\/\/homeappliances.my\/onlineshop\/wp-json\/wp\/v2\/product_brand?post=41228"},{"taxonomy":"product_cat","embeddable":true,"href":"https:\/\/homeappliances.my\/onlineshop\/wp-json\/wp\/v2\/product_cat?post=41228"},{"taxonomy":"product_tag","embeddable":true,"href":"https:\/\/homeappliances.my\/onlineshop\/wp-json\/wp\/v2\/product_tag?post=41228"}],"curies":[{"name":"wp","href":"https:\/\/api.w.org\/{rel}","templated":true}]}}